{"id":7,"date":"2022-08-10T16:04:27","date_gmt":"2022-08-10T19:04:27","guid":{"rendered":"https:\/\/rbottino.com.br\/?page_id=7"},"modified":"2022-11-29T18:31:45","modified_gmt":"2022-11-29T21:31:45","slug":"rafael-bottino","status":"publish","type":"page","link":"https:\/\/rbottino.com.br\/","title":{"rendered":"Rafael Bottino"},"content":{"rendered":"\n<p>Ol\u00e1, eu sou o Rafael Bottino.<\/p>\n\n\n\n<p>Seja bem vindo a p\u00e1gina inicial do meu site.<\/p>\n\n\n\n<p>Neste ambiente voc\u00ea encontrar\u00e1 maiores informa\u00e7\u00f5es sobre mim, meu trabalho e&nbsp;minhas habilidades.<\/p>\n\n\n\n<p>Como um profissional de mente f\u00e9rtil e criativa, sempre me destaquei por inovar e aprimorar ferramentas e conte\u00fados do dia a dia. Como designer gr\u00e1fico gosto do desafio de criar e apresentar trabalhos com conceitos atuais e em constante evolu\u00e7\u00e3o.<\/p>\n\n\n\n<p>Todo o conte\u00fado deste site foi produzido por mim.<\/p>\n\n\n\n<figure class=\"wp-block-image size-large\"><img loading=\"lazy\" decoding=\"async\" width=\"1024\" height=\"1024\" src=\"https:\/\/rbottino.com.br\/wp-content\/uploads\/2022\/11\/IMG_3643-Editada@05x-1024x1024.jpg\" alt=\"\" class=\"wp-image-163\" srcset=\"https:\/\/rbottino.com.br\/wp-content\/uploads\/2022\/11\/IMG_3643-Editada@05x-1024x1024.jpg 1024w, https:\/\/rbottino.com.br\/wp-content\/uploads\/2022\/11\/IMG_3643-Editada@05x-300x300.jpg 300w, https:\/\/rbottino.com.br\/wp-content\/uploads\/2022\/11\/IMG_3643-Editada@05x-150x150.jpg 150w, https:\/\/rbottino.com.br\/wp-content\/uploads\/2022\/11\/IMG_3643-Editada@05x-768x768.jpg 768w, https:\/\/rbottino.com.br\/wp-content\/uploads\/2022\/11\/IMG_3643-Editada@05x-1536x1536.jpg 1536w, https:\/\/rbottino.com.br\/wp-content\/uploads\/2022\/11\/IMG_3643-Editada@05x-100x100.jpg 100w, https:\/\/rbottino.com.br\/wp-content\/uploads\/2022\/11\/IMG_3643-Editada@05x.jpg 1856w\" sizes=\"(max-width: 767px) 89vw, (max-width: 1000px) 54vw, (max-width: 1071px) 543px, 580px\" \/><\/figure>\n","protected":false},"excerpt":{"rendered":"<p>Ol\u00e1, eu sou o Rafael Bottino. Seja bem vindo a p\u00e1gina inicial do meu site. Neste ambiente voc\u00ea encontrar\u00e1 maiores informa\u00e7\u00f5es sobre mim, meu trabalho e&nbsp;minhas habilidades. Como um profissional de mente f\u00e9rtil e criativa, sempre me destaquei por inovar e aprimorar ferramentas e conte\u00fados do dia a dia. Como designer gr\u00e1fico gosto do desafio &hellip; <\/p>\n<p class=\"link-more\"><a href=\"https:\/\/rbottino.com.br\/\" class=\"more-link\">Continue lendo<span class=\"screen-reader-text\"> &#8220;Rafael Bottino&#8221;<\/span><\/a><\/p>\n","protected":false},"author":1,"featured_media":0,"parent":0,"menu_order":0,"comment_status":"closed","ping_status":"closed","template":"","meta":{"om_disable_all_campaigns":false,"_monsterinsights_skip_tracking":false,"_monsterinsights_sitenote_active":false,"_monsterinsights_sitenote_note":"","_monsterinsights_sitenote_category":0,"footnotes":""},"yoast_head":"<!-- This site is optimized with the Yoast SEO plugin v24.5 - https:\/\/yoast.com\/wordpress\/plugins\/seo\/ -->\n<title>Rafael Bottino - Rafael Bottino<\/title>\n<meta name=\"robots\" content=\"index, follow, max-snippet:-1, max-image-preview:large, max-video-preview:-1\" \/>\n<link rel=\"canonical\" href=\"https:\/\/rbottino.com.br\/\" \/>\n<meta property=\"og:locale\" content=\"pt_BR\" \/>\n<meta property=\"og:type\" content=\"article\" \/>\n<meta property=\"og:title\" content=\"Rafael Bottino - Rafael Bottino\" \/>\n<meta property=\"og:description\" content=\"Ol\u00e1, eu sou o Rafael Bottino. Seja bem vindo a p\u00e1gina inicial do meu site. Neste ambiente voc\u00ea encontrar\u00e1 maiores informa\u00e7\u00f5es sobre mim, meu trabalho e&nbsp;minhas habilidades. Como um profissional de mente f\u00e9rtil e criativa, sempre me destaquei por inovar e aprimorar ferramentas e conte\u00fados do dia a dia. Como designer gr\u00e1fico gosto do desafio &hellip; Continue lendo &quot;Rafael Bottino&quot;\" \/>\n<meta property=\"og:url\" content=\"https:\/\/rbottino.com.br\/\" \/>\n<meta property=\"og:site_name\" content=\"Rafael Bottino\" \/>\n<meta property=\"article:modified_time\" content=\"2022-11-29T21:31:45+00:00\" \/>\n<meta property=\"og:image\" content=\"https:\/\/rbottino.com.br\/wp-content\/uploads\/2022\/11\/IMG_3643-Editada@05x-1024x1024.jpg\" \/>\n<meta name=\"twitter:card\" content=\"summary_large_image\" \/>\n<meta name=\"twitter:label1\" content=\"Est. tempo de leitura\" \/>\n\t<meta name=\"twitter:data1\" content=\"1 minuto\" \/>\n<script type=\"application\/ld+json\" class=\"yoast-schema-graph\">{\"@context\":\"https:\/\/schema.org\",\"@graph\":[{\"@type\":\"WebPage\",\"@id\":\"https:\/\/rbottino.com.br\/\",\"url\":\"https:\/\/rbottino.com.br\/\",\"name\":\"Rafael Bottino - Rafael Bottino\",\"isPartOf\":{\"@id\":\"https:\/\/rbottino.com.br\/#website\"},\"primaryImageOfPage\":{\"@id\":\"https:\/\/rbottino.com.br\/#primaryimage\"},\"image\":{\"@id\":\"https:\/\/rbottino.com.br\/#primaryimage\"},\"thumbnailUrl\":\"https:\/\/rbottino.com.br\/wp-content\/uploads\/2022\/11\/IMG_3643-Editada@05x-1024x1024.jpg\",\"datePublished\":\"2022-08-10T19:04:27+00:00\",\"dateModified\":\"2022-11-29T21:31:45+00:00\",\"breadcrumb\":{\"@id\":\"https:\/\/rbottino.com.br\/#breadcrumb\"},\"inLanguage\":\"pt-BR\",\"potentialAction\":[{\"@type\":\"ReadAction\",\"target\":[\"https:\/\/rbottino.com.br\/\"]}]},{\"@type\":\"ImageObject\",\"inLanguage\":\"pt-BR\",\"@id\":\"https:\/\/rbottino.com.br\/#primaryimage\",\"url\":\"https:\/\/rbottino.com.br\/wp-content\/uploads\/2022\/11\/IMG_3643-Editada@05x.jpg\",\"contentUrl\":\"https:\/\/rbottino.com.br\/wp-content\/uploads\/2022\/11\/IMG_3643-Editada@05x.jpg\",\"width\":1856,\"height\":1856},{\"@type\":\"BreadcrumbList\",\"@id\":\"https:\/\/rbottino.com.br\/#breadcrumb\",\"itemListElement\":[{\"@type\":\"ListItem\",\"position\":1,\"name\":\"In\u00edcio\",\"item\":\"https:\/\/rbottino.com.br\/\"},{\"@type\":\"ListItem\",\"position\":2,\"name\":\"Rafael Bottino\"}]},{\"@type\":\"WebSite\",\"@id\":\"https:\/\/rbottino.com.br\/#website\",\"url\":\"https:\/\/rbottino.com.br\/\",\"name\":\"Rafael Bottino\",\"description\":\"Designer Gr\u00e1fico\",\"potentialAction\":[{\"@type\":\"SearchAction\",\"target\":{\"@type\":\"EntryPoint\",\"urlTemplate\":\"https:\/\/rbottino.com.br\/?s={search_term_string}\"},\"query-input\":{\"@type\":\"PropertyValueSpecification\",\"valueRequired\":true,\"valueName\":\"search_term_string\"}}],\"inLanguage\":\"pt-BR\"}]}<\/script>\n<!-- \/ Yoast SEO plugin. -->","yoast_head_json":{"title":"Rafael Bottino - Rafael Bottino","robots":{"index":"index","follow":"follow","max-snippet":"max-snippet:-1","max-image-preview":"max-image-preview:large","max-video-preview":"max-video-preview:-1"},"canonical":"https:\/\/rbottino.com.br\/","og_locale":"pt_BR","og_type":"article","og_title":"Rafael Bottino - Rafael Bottino","og_description":"Ol\u00e1, eu sou o Rafael Bottino. Seja bem vindo a p\u00e1gina inicial do meu site. Neste ambiente voc\u00ea encontrar\u00e1 maiores informa\u00e7\u00f5es sobre mim, meu trabalho e&nbsp;minhas habilidades. Como um profissional de mente f\u00e9rtil e criativa, sempre me destaquei por inovar e aprimorar ferramentas e conte\u00fados do dia a dia. Como designer gr\u00e1fico gosto do desafio &hellip; Continue lendo \"Rafael Bottino\"","og_url":"https:\/\/rbottino.com.br\/","og_site_name":"Rafael Bottino","article_modified_time":"2022-11-29T21:31:45+00:00","og_image":[{"url":"https:\/\/rbottino.com.br\/wp-content\/uploads\/2022\/11\/IMG_3643-Editada@05x-1024x1024.jpg","type":"","width":"","height":""}],"twitter_card":"summary_large_image","twitter_misc":{"Est. tempo de leitura":"1 minuto"},"schema":{"@context":"https:\/\/schema.org","@graph":[{"@type":"WebPage","@id":"https:\/\/rbottino.com.br\/","url":"https:\/\/rbottino.com.br\/","name":"Rafael Bottino - Rafael Bottino","isPartOf":{"@id":"https:\/\/rbottino.com.br\/#website"},"primaryImageOfPage":{"@id":"https:\/\/rbottino.com.br\/#primaryimage"},"image":{"@id":"https:\/\/rbottino.com.br\/#primaryimage"},"thumbnailUrl":"https:\/\/rbottino.com.br\/wp-content\/uploads\/2022\/11\/IMG_3643-Editada@05x-1024x1024.jpg","datePublished":"2022-08-10T19:04:27+00:00","dateModified":"2022-11-29T21:31:45+00:00","breadcrumb":{"@id":"https:\/\/rbottino.com.br\/#breadcrumb"},"inLanguage":"pt-BR","potentialAction":[{"@type":"ReadAction","target":["https:\/\/rbottino.com.br\/"]}]},{"@type":"ImageObject","inLanguage":"pt-BR","@id":"https:\/\/rbottino.com.br\/#primaryimage","url":"https:\/\/rbottino.com.br\/wp-content\/uploads\/2022\/11\/IMG_3643-Editada@05x.jpg","contentUrl":"https:\/\/rbottino.com.br\/wp-content\/uploads\/2022\/11\/IMG_3643-Editada@05x.jpg","width":1856,"height":1856},{"@type":"BreadcrumbList","@id":"https:\/\/rbottino.com.br\/#breadcrumb","itemListElement":[{"@type":"ListItem","position":1,"name":"In\u00edcio","item":"https:\/\/rbottino.com.br\/"},{"@type":"ListItem","position":2,"name":"Rafael Bottino"}]},{"@type":"WebSite","@id":"https:\/\/rbottino.com.br\/#website","url":"https:\/\/rbottino.com.br\/","name":"Rafael Bottino","description":"Designer Gr\u00e1fico","potentialAction":[{"@type":"SearchAction","target":{"@type":"EntryPoint","urlTemplate":"https:\/\/rbottino.com.br\/?s={search_term_string}"},"query-input":{"@type":"PropertyValueSpecification","valueRequired":true,"valueName":"search_term_string"}}],"inLanguage":"pt-BR"}]}},"_links":{"self":[{"href":"https:\/\/rbottino.com.br\/index.php?rest_route=\/wp\/v2\/pages\/7"}],"collection":[{"href":"https:\/\/rbottino.com.br\/index.php?rest_route=\/wp\/v2\/pages"}],"about":[{"href":"https:\/\/rbottino.com.br\/index.php?rest_route=\/wp\/v2\/types\/page"}],"author":[{"embeddable":true,"href":"https:\/\/rbottino.com.br\/index.php?rest_route=\/wp\/v2\/users\/1"}],"replies":[{"embeddable":true,"href":"https:\/\/rbottino.com.br\/index.php?rest_route=%2Fwp%2Fv2%2Fcomments&post=7"}],"version-history":[{"count":15,"href":"https:\/\/rbottino.com.br\/index.php?rest_route=\/wp\/v2\/pages\/7\/revisions"}],"predecessor-version":[{"id":164,"href":"https:\/\/rbottino.com.br\/index.php?rest_route=\/wp\/v2\/pages\/7\/revisions\/164"}],"wp:attachment":[{"href":"https:\/\/rbottino.com.br\/index.php?rest_route=%2Fwp%2Fv2%2Fmedia&parent=7"}],"curies":[{"name":"wp","href":"https:\/\/api.w.org\/{rel}","templated":true}]}}