{"id":86,"date":"2022-11-17T10:32:39","date_gmt":"2022-11-17T13:32:39","guid":{"rendered":"https:\/\/rbottino.com.br\/?page_id=86"},"modified":"2022-11-17T10:32:40","modified_gmt":"2022-11-17T13:32:40","slug":"curriculo","status":"publish","type":"page","link":"https:\/\/rbottino.com.br\/?page_id=86","title":{"rendered":"Curr\u00edculo"},"content":{"rendered":"\n<h1 class=\"wp-block-heading\">Curriculum Vitae Completo<\/h1>\n\n\n\n<h2 class=\"wp-block-heading\"><strong>Perfil Profissional<\/strong><\/h2>\n\n\n\n<p>Como Designer Gr\u00e1fico, atuo desenvolvendo as mais variadas pe\u00e7as gr\u00e1ficas como logotipos, ilustra\u00e7\u00f5es, anima\u00e7\u00f5es, edi\u00e7\u00f5es de imagens e editora\u00e7\u00e3o com o principal foco em Branding empresarial.<\/p>\n\n\n\n<p>Minha carreira profissional teve in\u00edcio na ind\u00fastria mec\u00e2nica onde desenvolvia projetos de produtos, elaborando e controlando documenta\u00e7\u00e3o t\u00e9cnica para clientes como Petrobr\u00e1s, Dow, Monsanto, Braskem e outras grandes ind\u00fastrias petroqu\u00edmicas.<\/p>\n\n\n\n<p>Mais tarde fui para o setor de assist\u00eancia t\u00e9cnica onde dava suporte aos clientes com instru\u00e7\u00f5es de instala\u00e7\u00e3o e opera\u00e7\u00e3o de equipamentos, fazia an\u00e1lises de falhas emitindo relat\u00f3rios t\u00e9cnicos.<\/p>\n\n\n\n<h2 class=\"wp-block-heading\"><strong>Hist\u00f3rico de Atividades<\/strong><\/h2>\n\n\n\n<h3 class=\"wp-block-heading\"><strong>Designer Gr\u00e1fico<\/strong><\/h3>\n\n\n\n<p>Plataformas de Freelancer &#8211; de janeiro de 2021 at\u00e9 o presente momento.<\/p>\n\n\n\n<p>Venho atuando como designer gr\u00e1fico freelancer com pequenos projetos em plataformas de freelancer como 99Freelas, GetNinjas e etc. Nestas plataformas ofere\u00e7o servi\u00e7os de cria\u00e7\u00e3o como Ilustra\u00e7\u00e3o, Anima\u00e7\u00e3o 2D e 3D, Editora\u00e7\u00e3o, Diagrama\u00e7\u00e3o e Edi\u00e7\u00e3o Fotogr\u00e1fica.<\/p>\n\n\n\n<h3 class=\"wp-block-heading\"><strong>Assist\u00eancia T\u00e9cnica<\/strong><\/h3>\n\n\n\n<p>Flowserve &#8211; de fevereiro de 2016 a dezembro de 2020<\/p>\n\n\n\n<p>Na \u00e1rea de assist\u00eancia t\u00e9cnica dava suporte a equipe de vendas e aos clientes com instru\u00e7\u00f5es de instala\u00e7\u00e3o e opera\u00e7\u00e3o dos equipamentos, fazia acompanhamento de montagens, realizava testes e analises de falhas com certificados e relat\u00f3rios conforme procedimentos e normas t\u00e9cnicas tais como ASME, ANSI, API, ISO 9000, ABNT entre outras.<\/p>\n\n\n\n<h3 class=\"wp-block-heading\"><strong>Desenhista Projetista<\/strong><\/h3>\n\n\n\n<p>Flowserve &#8211; de mar\u00e7o de 2008 a maio de 2015<\/p>\n\n\n\n<p>Meu in\u00edcio na Flowserve no setor de engenharia eu desenvolvia trabalhos como projetista de selos mec\u00e2nicos e sistemas auxiliares, pressurizados e n\u00e3o pressurizados. <\/p>\n\n\n\n<p>Em 2011 fui transferido para o centro de servi\u00e7os da Bahia para atender a demanda de engenharia da regi\u00e3o nordeste, realizava projetos mec\u00e2nicos, suporte t\u00e9cnico as equipes de manuten\u00e7\u00e3o, al\u00e9m de relat\u00f3rios de desempenho e evolu\u00e7\u00e3o dos contratos. <\/p>\n\n\n\n<p>Em 2014 iniciei, junto com a inaugura\u00e7\u00e3o do centro de servi\u00e7os da divis\u00e3o de bombas hidr\u00e1ulicas na Bahia, as opera\u00e7\u00f5es com bombas hidr\u00e1ulicas no nordeste, tamb\u00e9m atuando como projetista e dando suporte t\u00e9cnico as equipes de manuten\u00e7\u00e3o.<\/p>\n\n\n\n<div class=\"wp-block-buttons is-layout-flex wp-block-buttons-is-layout-flex\"><\/div>\n\n\n\n<h2 class=\"wp-block-heading\">Cursos e Gradua\u00e7\u00e3o<\/h2>\n\n\n\n<h3 class=\"wp-block-heading\"><strong>Tecn\u00f3logo em Design Gr\u00e1fico<\/strong><\/h3>\n\n\n\n<p>Institui\u00e7\u00e3o: Faculdades Metropolitanas Unidas &#8211; FMU, FIAM-FAAM <\/p>\n\n\n\n<p>Conclus\u00e3o: Julho 2021<\/p>\n\n\n\n<p>Fazem parte do curr\u00edculo deste curso o planejamento e execu\u00e7\u00e3o de projetos de produtos e servi\u00e7os relacionados ao Design Gr\u00e1fico, criar e diagramar materiais gr\u00e1ficos, produzir e editar imagens e fotografias digitais e criar a identidade visual de empresas.<\/p>\n\n\n\n<p>Conhecimento sobre hist\u00f3ria do design e capacita\u00e7\u00e3o de acompanhar as tend\u00eancias do mercado, propondo solu\u00e7\u00f5es inovadoras para o mercado da comunica\u00e7\u00e3o visual.<\/p>\n\n\n\n<p>Selecionar as cores, tipografias e materiais adequados para cada tipo de projeto, al\u00e9m de liderar equipes multidisciplinares de produ\u00e7\u00e3o gr\u00e1fica e gerenciar projetos em Design.<\/p>\n\n\n\n<h3 class=\"wp-block-heading\"><strong>Engenharia Mec\u00e2nica<\/strong><\/h3>\n\n\n\n<p>Institui\u00e7\u00f5es: Escola de Engenharia Mau\u00e1 (Em S\u00e3o Caetano do Sul &#8211; SP do 1\u00ba ao 3\u00ba ano) \/ Universidade Est\u00e1cio (Em Salvador &#8211; BA, 4\u00ba ano)<\/p>\n\n\n\n<p>Curso interrompido em 2015<\/p>\n\n\n\n<p>Na engenharia mec\u00e2nica aprendi a projetar m\u00e1quinas e desenvolver processos de fabrica\u00e7\u00e3o de produtos consumidos no cotidiano ou equipamentos industriais.<\/p>\n\n\n\n<p>Um engenheiro mec\u00e2nico pode desenvolver atividades nas seguintes \u00e1reas:<\/p>\n\n\n\n<p>projeto &#8211; concebendo e desenvolvendo produtos de consumo, projeto de m\u00e1quinas, instala\u00e7\u00f5es industriais e tamb\u00e9m equipamentos de processos;<\/p>\n\n\n\n<p>fabrica\u00e7\u00e3o &#8211; desenvolvendo processos, ferramentas e meios para fabricar m\u00e1quinas e produtos, al\u00e9m de administrar a manufatura;<\/p>\n\n\n\n<p>manuten\u00e7\u00e3o &#8211; desenvolvendo e aplicando t\u00e9cnicas para garantir que m\u00e1quinas e instala\u00e7\u00f5es estejam sempre operantes e<\/p>\n\n\n\n<p>servi\u00e7os &#8211; utilizando as compet\u00eancias t\u00e9cnicas e gerenciais em compras, vendas, marketing industrial e assist\u00eancia t\u00e9cnica de produtos de alta tecnologia.<\/p>\n\n\n\n<h3 class=\"wp-block-heading\"><strong>Cursos Extracurriculares<\/strong><br><\/h3>\n\n\n\n<p><strong>Blender 2.8 \u2013 Forma\u00e7\u00e3o Master Completa<\/strong><br>Institui\u00e7\u00e3o: Udemy<br>Previs\u00e3o de conclus\u00e3o: Novembro de 2022<\/p>\n\n\n\n<p><strong>Curso Completo de Marketing Digital<\/strong><br>Institui\u00e7\u00e3o: Udemy<br>Ano de conclus\u00e3o: 2022<\/p>\n\n\n\n<p><strong>Adobe Illustrator CC &#8211; Advanced Training Course<\/strong><br>Institui\u00e7\u00e3o: Udemy<br>Ano de conclus\u00e3o: 2022<\/p>\n\n\n\n<p><strong>Curso de After Effects para Motion Designers<\/strong><br>Institui\u00e7\u00e3o: Udemy<br>Ano de conclus\u00e3o: 2020<\/p>\n","protected":false},"excerpt":{"rendered":"<p>Curriculum Vitae Completo Perfil Profissional Como Designer Gr\u00e1fico, atuo desenvolvendo as mais variadas pe\u00e7as gr\u00e1ficas como logotipos, ilustra\u00e7\u00f5es, anima\u00e7\u00f5es, edi\u00e7\u00f5es de imagens e editora\u00e7\u00e3o com o principal foco em Branding empresarial. Minha carreira profissional teve in\u00edcio na ind\u00fastria mec\u00e2nica onde desenvolvia projetos de produtos, elaborando e controlando documenta\u00e7\u00e3o t\u00e9cnica para clientes como Petrobr\u00e1s, Dow, Monsanto, &hellip; <\/p>\n<p class=\"link-more\"><a href=\"https:\/\/rbottino.com.br\/?page_id=86\" class=\"more-link\">Continue lendo<span class=\"screen-reader-text\"> &#8220;Curr\u00edculo&#8221;<\/span><\/a><\/p>\n","protected":false},"author":1,"featured_media":0,"parent":0,"menu_order":0,"comment_status":"closed","ping_status":"closed","template":"","meta":{"om_disable_all_campaigns":false,"_monsterinsights_skip_tracking":false,"_monsterinsights_sitenote_active":false,"_monsterinsights_sitenote_note":"","_monsterinsights_sitenote_category":0,"footnotes":""},"yoast_head":"<!-- This site is optimized with the Yoast SEO plugin v24.5 - https:\/\/yoast.com\/wordpress\/plugins\/seo\/ -->\n<title>Curr\u00edculo - Rafael Bottino<\/title>\n<meta name=\"robots\" content=\"index, follow, max-snippet:-1, max-image-preview:large, max-video-preview:-1\" \/>\n<link rel=\"canonical\" href=\"https:\/\/rbottino.com.br\/?page_id=86\" \/>\n<meta property=\"og:locale\" content=\"pt_BR\" \/>\n<meta property=\"og:type\" content=\"article\" \/>\n<meta property=\"og:title\" content=\"Curr\u00edculo - Rafael Bottino\" \/>\n<meta property=\"og:description\" content=\"Curriculum Vitae Completo Perfil Profissional Como Designer Gr\u00e1fico, atuo desenvolvendo as mais variadas pe\u00e7as gr\u00e1ficas como logotipos, ilustra\u00e7\u00f5es, anima\u00e7\u00f5es, edi\u00e7\u00f5es de imagens e editora\u00e7\u00e3o com o principal foco em Branding empresarial. Minha carreira profissional teve in\u00edcio na ind\u00fastria mec\u00e2nica onde desenvolvia projetos de produtos, elaborando e controlando documenta\u00e7\u00e3o t\u00e9cnica para clientes como Petrobr\u00e1s, Dow, Monsanto, &hellip; Continue lendo &quot;Curr\u00edculo&quot;\" \/>\n<meta property=\"og:url\" content=\"https:\/\/rbottino.com.br\/?page_id=86\" \/>\n<meta property=\"og:site_name\" content=\"Rafael Bottino\" \/>\n<meta property=\"article:modified_time\" content=\"2022-11-17T13:32:40+00:00\" \/>\n<meta name=\"twitter:card\" content=\"summary_large_image\" \/>\n<meta name=\"twitter:label1\" content=\"Est. tempo de leitura\" \/>\n\t<meta name=\"twitter:data1\" content=\"4 minutos\" \/>\n<script type=\"application\/ld+json\" class=\"yoast-schema-graph\">{\"@context\":\"https:\/\/schema.org\",\"@graph\":[{\"@type\":\"WebPage\",\"@id\":\"https:\/\/rbottino.com.br\/?page_id=86\",\"url\":\"https:\/\/rbottino.com.br\/?page_id=86\",\"name\":\"Curr\u00edculo - Rafael Bottino\",\"isPartOf\":{\"@id\":\"https:\/\/rbottino.com.br\/#website\"},\"datePublished\":\"2022-11-17T13:32:39+00:00\",\"dateModified\":\"2022-11-17T13:32:40+00:00\",\"breadcrumb\":{\"@id\":\"https:\/\/rbottino.com.br\/?page_id=86#breadcrumb\"},\"inLanguage\":\"pt-BR\",\"potentialAction\":[{\"@type\":\"ReadAction\",\"target\":[\"https:\/\/rbottino.com.br\/?page_id=86\"]}]},{\"@type\":\"BreadcrumbList\",\"@id\":\"https:\/\/rbottino.com.br\/?page_id=86#breadcrumb\",\"itemListElement\":[{\"@type\":\"ListItem\",\"position\":1,\"name\":\"In\u00edcio\",\"item\":\"https:\/\/rbottino.com.br\/\"},{\"@type\":\"ListItem\",\"position\":2,\"name\":\"Curr\u00edculo\"}]},{\"@type\":\"WebSite\",\"@id\":\"https:\/\/rbottino.com.br\/#website\",\"url\":\"https:\/\/rbottino.com.br\/\",\"name\":\"Rafael Bottino\",\"description\":\"Designer Gr\u00e1fico\",\"potentialAction\":[{\"@type\":\"SearchAction\",\"target\":{\"@type\":\"EntryPoint\",\"urlTemplate\":\"https:\/\/rbottino.com.br\/?s={search_term_string}\"},\"query-input\":{\"@type\":\"PropertyValueSpecification\",\"valueRequired\":true,\"valueName\":\"search_term_string\"}}],\"inLanguage\":\"pt-BR\"}]}<\/script>\n<!-- \/ Yoast SEO plugin. -->","yoast_head_json":{"title":"Curr\u00edculo - Rafael Bottino","robots":{"index":"index","follow":"follow","max-snippet":"max-snippet:-1","max-image-preview":"max-image-preview:large","max-video-preview":"max-video-preview:-1"},"canonical":"https:\/\/rbottino.com.br\/?page_id=86","og_locale":"pt_BR","og_type":"article","og_title":"Curr\u00edculo - Rafael Bottino","og_description":"Curriculum Vitae Completo Perfil Profissional Como Designer Gr\u00e1fico, atuo desenvolvendo as mais variadas pe\u00e7as gr\u00e1ficas como logotipos, ilustra\u00e7\u00f5es, anima\u00e7\u00f5es, edi\u00e7\u00f5es de imagens e editora\u00e7\u00e3o com o principal foco em Branding empresarial. Minha carreira profissional teve in\u00edcio na ind\u00fastria mec\u00e2nica onde desenvolvia projetos de produtos, elaborando e controlando documenta\u00e7\u00e3o t\u00e9cnica para clientes como Petrobr\u00e1s, Dow, Monsanto, &hellip; Continue lendo \"Curr\u00edculo\"","og_url":"https:\/\/rbottino.com.br\/?page_id=86","og_site_name":"Rafael Bottino","article_modified_time":"2022-11-17T13:32:40+00:00","twitter_card":"summary_large_image","twitter_misc":{"Est. tempo de leitura":"4 minutos"},"schema":{"@context":"https:\/\/schema.org","@graph":[{"@type":"WebPage","@id":"https:\/\/rbottino.com.br\/?page_id=86","url":"https:\/\/rbottino.com.br\/?page_id=86","name":"Curr\u00edculo - Rafael Bottino","isPartOf":{"@id":"https:\/\/rbottino.com.br\/#website"},"datePublished":"2022-11-17T13:32:39+00:00","dateModified":"2022-11-17T13:32:40+00:00","breadcrumb":{"@id":"https:\/\/rbottino.com.br\/?page_id=86#breadcrumb"},"inLanguage":"pt-BR","potentialAction":[{"@type":"ReadAction","target":["https:\/\/rbottino.com.br\/?page_id=86"]}]},{"@type":"BreadcrumbList","@id":"https:\/\/rbottino.com.br\/?page_id=86#breadcrumb","itemListElement":[{"@type":"ListItem","position":1,"name":"In\u00edcio","item":"https:\/\/rbottino.com.br\/"},{"@type":"ListItem","position":2,"name":"Curr\u00edculo"}]},{"@type":"WebSite","@id":"https:\/\/rbottino.com.br\/#website","url":"https:\/\/rbottino.com.br\/","name":"Rafael Bottino","description":"Designer Gr\u00e1fico","potentialAction":[{"@type":"SearchAction","target":{"@type":"EntryPoint","urlTemplate":"https:\/\/rbottino.com.br\/?s={search_term_string}"},"query-input":{"@type":"PropertyValueSpecification","valueRequired":true,"valueName":"search_term_string"}}],"inLanguage":"pt-BR"}]}},"_links":{"self":[{"href":"https:\/\/rbottino.com.br\/index.php?rest_route=\/wp\/v2\/pages\/86"}],"collection":[{"href":"https:\/\/rbottino.com.br\/index.php?rest_route=\/wp\/v2\/pages"}],"about":[{"href":"https:\/\/rbottino.com.br\/index.php?rest_route=\/wp\/v2\/types\/page"}],"author":[{"embeddable":true,"href":"https:\/\/rbottino.com.br\/index.php?rest_route=\/wp\/v2\/users\/1"}],"replies":[{"embeddable":true,"href":"https:\/\/rbottino.com.br\/index.php?rest_route=%2Fwp%2Fv2%2Fcomments&post=86"}],"version-history":[{"count":10,"href":"https:\/\/rbottino.com.br\/index.php?rest_route=\/wp\/v2\/pages\/86\/revisions"}],"predecessor-version":[{"id":186,"href":"https:\/\/rbottino.com.br\/index.php?rest_route=\/wp\/v2\/pages\/86\/revisions\/186"}],"wp:attachment":[{"href":"https:\/\/rbottino.com.br\/index.php?rest_route=%2Fwp%2Fv2%2Fmedia&parent=86"}],"curies":[{"name":"wp","href":"https:\/\/api.w.org\/{rel}","templated":true}]}}