{"id":95,"date":"2022-08-31T17:31:48","date_gmt":"2022-08-31T20:31:48","guid":{"rendered":"https:\/\/rbottino.com.br\/?page_id=95"},"modified":"2022-08-31T17:31:48","modified_gmt":"2022-08-31T20:31:48","slug":"hobbys","status":"publish","type":"page","link":"https:\/\/rbottino.com.br\/?page_id=95","title":{"rendered":"Hobbys"},"content":{"rendered":"\n<h1 class=\"wp-block-heading\">O que fa\u00e7o quando n\u00e3o estou trabalhando<\/h1>\n\n\n\n<p>Como a maioria das pessoas divido minha vida em trabalho e lazer. No site voc\u00ea encontrar\u00e1 o conte\u00fado, em sua maioria, sobre meu trabalho. Por\u00e9m, nem s\u00f3 de trabalho vive o ser humano e ent\u00e3o vem o momento do lazer. <\/p>\n\n\n\n<p>O lazer \u00e9 parte fundamental na vida de um profissional, pois \u00e9 o momento em que ele pode transformar o seu c\u00e9rebro para suportar as intemp\u00e9ries do mundo profissional. <\/p>\n\n\n\n<p>Eu separo meus momentos de lazer em Culturais e Esportivos, como melhor detalhado abaixo.<\/p>\n\n\n\n<h2 class=\"wp-block-heading\">Culturais<\/h2>\n\n\n\n<p>Em momentos culturais gosto de destacar minha paix\u00e3o por filmes. Assisto todo tipo de filme, de qualquer origem, sobre qualquer tema, sem preconceitos, mas com uma prefer\u00eancia maior para filmes de terror e suspense. <\/p>\n\n\n\n<p>Outra parte importante da minha vida cultural s\u00e3o os livros. Confesso que \u00e9 um h\u00e1bito adquirido h\u00e1 poucos anos, provavelmente como resultado da pandemia. Mas que agora faz parte da minha rotina di\u00e1ria, tomando at\u00e9 mais espa\u00e7o do que os filmes.<\/p>\n\n\n\n<p>Os destaques que dou s\u00e3o, dentro da categoria bibliografia, o livro do Ant\u00f4nio Erm\u00edrio de Moraes escrito por Jos\u00e9 Pastore, como romance\/fic\u00e7\u00e3o o Frankenstein de Mary Shelley e como pol\u00edtico O Pr\u00edncipe de Nicolau Maquiavel.<\/p>\n\n\n\n<h2 class=\"wp-block-heading\">Esportivos<\/h2>\n\n\n\n<p>A parte mais importante em nossas vidas \u00e9 a sa\u00fade.  Outro h\u00e1bito que adquiri recentemente foi a dedica\u00e7\u00e3o a sa\u00fade. <\/p>\n\n\n\n<p>Frequento a academia fielmente tr\u00eas ou quatro vezes na semana, onde alterno exerc\u00edcios de muscula\u00e7\u00e3o de baixa intensidade, cardiovasculares com corridas entre 3 e 5 quil\u00f4metros e exerc\u00edcios de alongamento.<\/p>\n\n\n\n<p>Fico impressionado com os resultados de disposi\u00e7\u00e3o e concentra\u00e7\u00e3o que tive. Meu trabalho est\u00e1 mais eficiente, com melhora significativa de rendimento e qualidade.<\/p>\n\n\n\n<p>Por\u00e9m, h\u00e1 outro esporte que pratico e me considero atleta, mas que sofre grande preconceito que \u00e9 o snooker, ou popularmente conhecido como sinuca. N\u00e3o, isso n\u00e3o me torna um botequeiro, rs!<\/p>\n\n\n\n<p>Sou atleta filiado a Federa\u00e7\u00e3o Paulista de Sinuca e Bilhar (FPSB) e a Confedera\u00e7\u00e3o Brasileira de Bilhar e Sinuca (CBBS), fa\u00e7o parte da equipe de snooker do T\u00eanis Clube Paulista e disputo competi\u00e7\u00f5es regionais e nacionais. Meus melhores resultados foram:<\/p>\n\n\n\n<ul><li>4\u00ba lugar no Campeonato Master da FPSB de 2022<\/li><li>Atualmente em 20\u00ba lugar no Ranking Brasileiro de Snooker da CBBS em 2022<\/li><li>Campe\u00e3o da 3\u00aa Etapa da Liga Metropolitana de Six Reds em Julho de 2022<\/li><li>Campe\u00e3o da Etapa de Limeira do APS em Junho de 2019<\/li><li>Vice Campe\u00e3o na categoria prata da Copa ASSISP de 2019 <\/li><\/ul>\n\n\n\n<p>Essas s\u00e3o as minhas principais atividades em meu tempo livre. Mas \u00e9 claro que h\u00e1 espa\u00e7o para direcionar minha aten\u00e7\u00e3o para minha fam\u00edlia e meus amigos. Afinal, sem eles, todo o resto do que encontram nesta p\u00e1gina n\u00e3o faria sentido.<\/p>\n","protected":false},"excerpt":{"rendered":"<p>O que fa\u00e7o quando n\u00e3o estou trabalhando Como a maioria das pessoas divido minha vida em trabalho e lazer. No site voc\u00ea encontrar\u00e1 o conte\u00fado, em sua maioria, sobre meu trabalho. Por\u00e9m, nem s\u00f3 de trabalho vive o ser humano e ent\u00e3o vem o momento do lazer. O lazer \u00e9 parte fundamental na vida de &hellip; <\/p>\n<p class=\"link-more\"><a href=\"https:\/\/rbottino.com.br\/?page_id=95\" class=\"more-link\">Continue lendo<span class=\"screen-reader-text\"> &#8220;Hobbys&#8221;<\/span><\/a><\/p>\n","protected":false},"author":1,"featured_media":0,"parent":0,"menu_order":0,"comment_status":"closed","ping_status":"closed","template":"","meta":{"om_disable_all_campaigns":false,"_monsterinsights_skip_tracking":false,"_monsterinsights_sitenote_active":false,"_monsterinsights_sitenote_note":"","_monsterinsights_sitenote_category":0,"footnotes":""},"yoast_head":"<!-- This site is optimized with the Yoast SEO plugin v24.5 - https:\/\/yoast.com\/wordpress\/plugins\/seo\/ -->\n<title>Hobbys - Rafael Bottino<\/title>\n<meta name=\"robots\" content=\"index, follow, max-snippet:-1, max-image-preview:large, max-video-preview:-1\" \/>\n<link rel=\"canonical\" href=\"https:\/\/rbottino.com.br\/?page_id=95\" \/>\n<meta property=\"og:locale\" content=\"pt_BR\" \/>\n<meta property=\"og:type\" content=\"article\" \/>\n<meta property=\"og:title\" content=\"Hobbys - Rafael Bottino\" \/>\n<meta property=\"og:description\" content=\"O que fa\u00e7o quando n\u00e3o estou trabalhando Como a maioria das pessoas divido minha vida em trabalho e lazer. No site voc\u00ea encontrar\u00e1 o conte\u00fado, em sua maioria, sobre meu trabalho. Por\u00e9m, nem s\u00f3 de trabalho vive o ser humano e ent\u00e3o vem o momento do lazer. O lazer \u00e9 parte fundamental na vida de &hellip; Continue lendo &quot;Hobbys&quot;\" \/>\n<meta property=\"og:url\" content=\"https:\/\/rbottino.com.br\/?page_id=95\" \/>\n<meta property=\"og:site_name\" content=\"Rafael Bottino\" \/>\n<meta name=\"twitter:card\" content=\"summary_large_image\" \/>\n<meta name=\"twitter:label1\" content=\"Est. tempo de leitura\" \/>\n\t<meta name=\"twitter:data1\" content=\"3 minutos\" \/>\n<script type=\"application\/ld+json\" class=\"yoast-schema-graph\">{\"@context\":\"https:\/\/schema.org\",\"@graph\":[{\"@type\":\"WebPage\",\"@id\":\"https:\/\/rbottino.com.br\/?page_id=95\",\"url\":\"https:\/\/rbottino.com.br\/?page_id=95\",\"name\":\"Hobbys - Rafael Bottino\",\"isPartOf\":{\"@id\":\"https:\/\/rbottino.com.br\/#website\"},\"datePublished\":\"2022-08-31T20:31:48+00:00\",\"breadcrumb\":{\"@id\":\"https:\/\/rbottino.com.br\/?page_id=95#breadcrumb\"},\"inLanguage\":\"pt-BR\",\"potentialAction\":[{\"@type\":\"ReadAction\",\"target\":[\"https:\/\/rbottino.com.br\/?page_id=95\"]}]},{\"@type\":\"BreadcrumbList\",\"@id\":\"https:\/\/rbottino.com.br\/?page_id=95#breadcrumb\",\"itemListElement\":[{\"@type\":\"ListItem\",\"position\":1,\"name\":\"In\u00edcio\",\"item\":\"https:\/\/rbottino.com.br\/\"},{\"@type\":\"ListItem\",\"position\":2,\"name\":\"Hobbys\"}]},{\"@type\":\"WebSite\",\"@id\":\"https:\/\/rbottino.com.br\/#website\",\"url\":\"https:\/\/rbottino.com.br\/\",\"name\":\"Rafael Bottino\",\"description\":\"Designer Gr\u00e1fico\",\"potentialAction\":[{\"@type\":\"SearchAction\",\"target\":{\"@type\":\"EntryPoint\",\"urlTemplate\":\"https:\/\/rbottino.com.br\/?s={search_term_string}\"},\"query-input\":{\"@type\":\"PropertyValueSpecification\",\"valueRequired\":true,\"valueName\":\"search_term_string\"}}],\"inLanguage\":\"pt-BR\"}]}<\/script>\n<!-- \/ Yoast SEO plugin. -->","yoast_head_json":{"title":"Hobbys - Rafael Bottino","robots":{"index":"index","follow":"follow","max-snippet":"max-snippet:-1","max-image-preview":"max-image-preview:large","max-video-preview":"max-video-preview:-1"},"canonical":"https:\/\/rbottino.com.br\/?page_id=95","og_locale":"pt_BR","og_type":"article","og_title":"Hobbys - Rafael Bottino","og_description":"O que fa\u00e7o quando n\u00e3o estou trabalhando Como a maioria das pessoas divido minha vida em trabalho e lazer. No site voc\u00ea encontrar\u00e1 o conte\u00fado, em sua maioria, sobre meu trabalho. Por\u00e9m, nem s\u00f3 de trabalho vive o ser humano e ent\u00e3o vem o momento do lazer. O lazer \u00e9 parte fundamental na vida de &hellip; Continue lendo \"Hobbys\"","og_url":"https:\/\/rbottino.com.br\/?page_id=95","og_site_name":"Rafael Bottino","twitter_card":"summary_large_image","twitter_misc":{"Est. tempo de leitura":"3 minutos"},"schema":{"@context":"https:\/\/schema.org","@graph":[{"@type":"WebPage","@id":"https:\/\/rbottino.com.br\/?page_id=95","url":"https:\/\/rbottino.com.br\/?page_id=95","name":"Hobbys - Rafael Bottino","isPartOf":{"@id":"https:\/\/rbottino.com.br\/#website"},"datePublished":"2022-08-31T20:31:48+00:00","breadcrumb":{"@id":"https:\/\/rbottino.com.br\/?page_id=95#breadcrumb"},"inLanguage":"pt-BR","potentialAction":[{"@type":"ReadAction","target":["https:\/\/rbottino.com.br\/?page_id=95"]}]},{"@type":"BreadcrumbList","@id":"https:\/\/rbottino.com.br\/?page_id=95#breadcrumb","itemListElement":[{"@type":"ListItem","position":1,"name":"In\u00edcio","item":"https:\/\/rbottino.com.br\/"},{"@type":"ListItem","position":2,"name":"Hobbys"}]},{"@type":"WebSite","@id":"https:\/\/rbottino.com.br\/#website","url":"https:\/\/rbottino.com.br\/","name":"Rafael Bottino","description":"Designer Gr\u00e1fico","potentialAction":[{"@type":"SearchAction","target":{"@type":"EntryPoint","urlTemplate":"https:\/\/rbottino.com.br\/?s={search_term_string}"},"query-input":{"@type":"PropertyValueSpecification","valueRequired":true,"valueName":"search_term_string"}}],"inLanguage":"pt-BR"}]}},"_links":{"self":[{"href":"https:\/\/rbottino.com.br\/index.php?rest_route=\/wp\/v2\/pages\/95"}],"collection":[{"href":"https:\/\/rbottino.com.br\/index.php?rest_route=\/wp\/v2\/pages"}],"about":[{"href":"https:\/\/rbottino.com.br\/index.php?rest_route=\/wp\/v2\/types\/page"}],"author":[{"embeddable":true,"href":"https:\/\/rbottino.com.br\/index.php?rest_route=\/wp\/v2\/users\/1"}],"replies":[{"embeddable":true,"href":"https:\/\/rbottino.com.br\/index.php?rest_route=%2Fwp%2Fv2%2Fcomments&post=95"}],"version-history":[{"count":8,"href":"https:\/\/rbottino.com.br\/index.php?rest_route=\/wp\/v2\/pages\/95\/revisions"}],"predecessor-version":[{"id":103,"href":"https:\/\/rbottino.com.br\/index.php?rest_route=\/wp\/v2\/pages\/95\/revisions\/103"}],"wp:attachment":[{"href":"https:\/\/rbottino.com.br\/index.php?rest_route=%2Fwp%2Fv2%2Fmedia&parent=95"}],"curies":[{"name":"wp","href":"https:\/\/api.w.org\/{rel}","templated":true}]}}